{"id":35,"date":"2026-04-13T16:17:13","date_gmt":"2026-04-13T16:17:13","guid":{"rendered":"http:\/\/www.milwood.fr\/index.php\/portfolio\/"},"modified":"2026-04-14T10:23:00","modified_gmt":"2026-04-14T10:23:00","slug":"portfolio","status":"publish","type":"page","link":"https:\/\/www.milwood.fr\/index.php\/portfolio\/","title":{"rendered":"Portfolio"},"content":{"rendered":"\t\t<div data-elementor-type=\"wp-page\" data-elementor-id=\"35\" class=\"elementor elementor-35\">\n\t\t\t\t<div class=\"elementor-element elementor-element-63d34850 e-flex e-con-boxed e-con e-parent\" data-id=\"63d34850\" data-element_type=\"container\" data-e-type=\"container\">\n\t\t\t\t\t<div class=\"e-con-inner\">\n\t\t\t\t<div class=\"elementor-element elementor-element-693a71ea elementor-widget elementor-widget-heading\" data-id=\"693a71ea\" data-element_type=\"widget\" data-e-type=\"widget\" data-widget_type=\"heading.default\">\n\t\t\t\t\t<h1 class=\"elementor-heading-title elementor-size-default\">Mes r\u00e9alisations<\/h1>\t\t\t\t<\/div>\n\t\t\t\t<div class=\"elementor-element elementor-element-152ac140 elementor-widget elementor-widget-heading\" data-id=\"152ac140\" data-element_type=\"widget\" data-e-type=\"widget\" data-widget_type=\"heading.default\">\n\t\t\t\t\t<h5 class=\"elementor-heading-title elementor-size-default\">Menuiserie, agencement, meubles et am\u00e9nagements sur mesure, parquets, terrasse, pergolas... Voici un aper\u00e7u des projets r\u00e9alis\u00e9s par Milwood<\/h5>\t\t\t\t<\/div>\n\t\t\t\t\t<\/div>\n\t\t\t\t<\/div>\n\t\t<div class=\"elementor-element elementor-element-57599f e-con-full e-flex e-con e-parent\" data-id=\"57599f\" data-element_type=\"container\" data-e-type=\"container\">\n\t\t\t\t<div class=\"elementor-element elementor-element-76aad602 gallery-spacing-custom elementor-widget elementor-widget-image-gallery\" data-id=\"76aad602\" data-element_type=\"widget\" data-e-type=\"widget\" data-widget_type=\"image-gallery.default\">\n\t\t\t\t\t\t\t<div class=\"elementor-image-gallery\">\n\t\t\t<div id='gallery-1' class='gallery galleryid-35 gallery-columns-3 gallery-size-thumbnail'><figure class='gallery-item'>\n\t\t\t<div class='gallery-icon landscape'>\n\t\t\t\t<a data-elementor-open-lightbox=\"yes\" data-elementor-lightbox-slideshow=\"76aad602\" data-elementor-lightbox-title=\"Table de salon\" data-elementor-lightbox-description=\"Table de salon vitrine sur-mesure en bois massif\" data-e-action-hash=\"#elementor-action%3Aaction%3Dlightbox%26settings%3DeyJpZCI6MjI1LCJ1cmwiOiJodHRwczpcL1wvd3d3Lm1pbHdvb2QuZnJcL3dwLWNvbnRlbnRcL3VwbG9hZHNcLzIwMjZcLzA0XC9JTUdfMjAyNjA0MDhfMTgzNTE5LTEud2VicCIsInNsaWRlc2hvdyI6Ijc2YWFkNjAyIn0%3D\" href='https:\/\/www.milwood.fr\/wp-content\/uploads\/2026\/04\/IMG_20260408_183519-1.webp'><img decoding=\"async\" width=\"150\" height=\"150\" src=\"https:\/\/www.milwood.fr\/wp-content\/uploads\/2026\/04\/IMG_20260408_183519-1-150x150.webp\" class=\"attachment-thumbnail size-thumbnail\" alt=\"Table de salon\" aria-describedby=\"gallery-1-225\" \/><\/a>\n\t\t\t<\/div>\n\t\t\t\t<figcaption class='wp-caption-text gallery-caption' id='gallery-1-225'>\n\t\t\t\tTable de salon\n\t\t\t\t<\/figcaption><\/figure><figure class='gallery-item'>\n\t\t\t<div class='gallery-icon landscape'>\n\t\t\t\t<a data-elementor-open-lightbox=\"yes\" data-elementor-lightbox-slideshow=\"76aad602\" data-elementor-lightbox-title=\"Buffet sur-mesure\" data-elementor-lightbox-description=\"Buffet sur-mesure\" data-e-action-hash=\"#elementor-action%3Aaction%3Dlightbox%26settings%3DeyJpZCI6MTY0LCJ1cmwiOiJodHRwczpcL1wvd3d3Lm1pbHdvb2QuZnJcL3dwLWNvbnRlbnRcL3VwbG9hZHNcLzIwMjZcLzA0XC8yMDI0LTA5LUxBUk5JQ09MLWJ1ZmZldC1zYWxvbi0zLXNjYWxlZC0xLndlYnAiLCJzbGlkZXNob3ciOiI3NmFhZDYwMiJ9\" href='https:\/\/www.milwood.fr\/wp-content\/uploads\/2026\/04\/2024-09-LARNICOL-buffet-salon-3-scaled-1.webp'><img decoding=\"async\" width=\"150\" height=\"150\" src=\"https:\/\/www.milwood.fr\/wp-content\/uploads\/2026\/04\/2024-09-LARNICOL-buffet-salon-3-scaled-1-150x150.webp\" class=\"attachment-thumbnail size-thumbnail\" alt=\"Meuble sur mesure\" aria-describedby=\"gallery-1-164\" \/><\/a>\n\t\t\t<\/div>\n\t\t\t\t<figcaption class='wp-caption-text gallery-caption' id='gallery-1-164'>\n\t\t\t\tMeuble sur-mesure\n\t\t\t\t<\/figcaption><\/figure><figure class='gallery-item'>\n\t\t\t<div class='gallery-icon landscape'>\n\t\t\t\t<a data-elementor-open-lightbox=\"yes\" data-elementor-lightbox-slideshow=\"76aad602\" data-elementor-lightbox-title=\"\u00e9tag\u00e8res boutique\" data-elementor-lightbox-description=\"Installation \u00e9tag\u00e8res boutique de th\u00e9\" data-e-action-hash=\"#elementor-action%3Aaction%3Dlightbox%26settings%3DeyJpZCI6MTc5LCJ1cmwiOiJodHRwczpcL1wvd3d3Lm1pbHdvb2QuZnJcL3dwLWNvbnRlbnRcL3VwbG9hZHNcLzIwMjZcLzA0XC9JTUdfMjAyNDA3MDhfMjExNTM3LXNjYWxlZC0xLTEud2VicCIsInNsaWRlc2hvdyI6Ijc2YWFkNjAyIn0%3D\" href='https:\/\/www.milwood.fr\/wp-content\/uploads\/2026\/04\/IMG_20240708_211537-scaled-1-1.webp'><img decoding=\"async\" width=\"150\" height=\"150\" src=\"https:\/\/www.milwood.fr\/wp-content\/uploads\/2026\/04\/IMG_20240708_211537-scaled-1-1-150x150.webp\" class=\"attachment-thumbnail size-thumbnail\" alt=\"\u00c9tag\u00e8res boutique\" aria-describedby=\"gallery-1-179\" \/><\/a>\n\t\t\t<\/div>\n\t\t\t\t<figcaption class='wp-caption-text gallery-caption' id='gallery-1-179'>\n\t\t\t\t\u00c9tag\u00e8res boutique de th\u00e9\n\t\t\t\t<\/figcaption><\/figure><figure class='gallery-item'>\n\t\t\t<div class='gallery-icon landscape'>\n\t\t\t\t<a data-elementor-open-lightbox=\"yes\" data-elementor-lightbox-slideshow=\"76aad602\" data-elementor-lightbox-title=\"coffre de rangement\" data-elementor-lightbox-description=\"Coffre de rangement ext\u00e9rieur en bois massif\" data-e-action-hash=\"#elementor-action%3Aaction%3Dlightbox%26settings%3DeyJpZCI6MTc3LCJ1cmwiOiJodHRwczpcL1wvd3d3Lm1pbHdvb2QuZnJcL3dwLWNvbnRlbnRcL3VwbG9hZHNcLzIwMjZcLzA0XC9JTUdfMjAyNDA1MjVfMTk1OTQxLXNjYWxlZC0xLndlYnAiLCJzbGlkZXNob3ciOiI3NmFhZDYwMiJ9\" href='https:\/\/www.milwood.fr\/wp-content\/uploads\/2026\/04\/IMG_20240525_195941-scaled-1.webp'><img loading=\"lazy\" decoding=\"async\" width=\"150\" height=\"150\" src=\"https:\/\/www.milwood.fr\/wp-content\/uploads\/2026\/04\/IMG_20240525_195941-scaled-1-150x150.webp\" class=\"attachment-thumbnail size-thumbnail\" alt=\"Coffre de rangement ext\u00e9rieur\" aria-describedby=\"gallery-1-177\" \/><\/a>\n\t\t\t<\/div>\n\t\t\t\t<figcaption class='wp-caption-text gallery-caption' id='gallery-1-177'>\n\t\t\t\tCoffre de rangement ext\u00e9rieur bois massif\n\t\t\t\t<\/figcaption><\/figure><figure class='gallery-item'>\n\t\t\t<div class='gallery-icon portrait'>\n\t\t\t\t<a data-elementor-open-lightbox=\"yes\" data-elementor-lightbox-slideshow=\"76aad602\" data-elementor-lightbox-title=\"Bureau sur-mesure\" data-elementor-lightbox-description=\"Conception et r\u00e9alisation bureau sur-mesure\" data-e-action-hash=\"#elementor-action%3Aaction%3Dlightbox%26settings%3DeyJpZCI6MTY2LCJ1cmwiOiJodHRwczpcL1wvd3d3Lm1pbHdvb2QuZnJcL3dwLWNvbnRlbnRcL3VwbG9hZHNcLzIwMjZcLzA0XC8yMDI0LUxBUk5JQ09MLWJ1cmVhdS0zLndlYnAiLCJzbGlkZXNob3ciOiI3NmFhZDYwMiJ9\" href='https:\/\/www.milwood.fr\/wp-content\/uploads\/2026\/04\/2024-LARNICOL-bureau-3.webp'><img loading=\"lazy\" decoding=\"async\" width=\"150\" height=\"150\" src=\"https:\/\/www.milwood.fr\/wp-content\/uploads\/2026\/04\/2024-LARNICOL-bureau-3-150x150.webp\" class=\"attachment-thumbnail size-thumbnail\" alt=\"Bureau sur-mesure\" aria-describedby=\"gallery-1-166\" \/><\/a>\n\t\t\t<\/div>\n\t\t\t\t<figcaption class='wp-caption-text gallery-caption' id='gallery-1-166'>\n\t\t\t\tBureau sur-mesure\n\t\t\t\t<\/figcaption><\/figure><figure class='gallery-item'>\n\t\t\t<div class='gallery-icon portrait'>\n\t\t\t\t<a data-elementor-open-lightbox=\"yes\" data-elementor-lightbox-slideshow=\"76aad602\" data-elementor-lightbox-title=\"\u00c9tag\u00e8res sur-mesure\" data-elementor-lightbox-description=\"Conception et r\u00e9alisation d&#039;\u00e9tag\u00e8res sur-mesure\" data-e-action-hash=\"#elementor-action%3Aaction%3Dlightbox%26settings%3DeyJpZCI6MTY3LCJ1cmwiOiJodHRwczpcL1wvd3d3Lm1pbHdvb2QuZnJcL3dwLWNvbnRlbnRcL3VwbG9hZHNcLzIwMjZcLzA0XC8yMDI0LUxBUk5JQ09MLWJ1cmVhdS00LndlYnAiLCJzbGlkZXNob3ciOiI3NmFhZDYwMiJ9\" href='https:\/\/www.milwood.fr\/wp-content\/uploads\/2026\/04\/2024-LARNICOL-bureau-4.webp'><img loading=\"lazy\" decoding=\"async\" width=\"150\" height=\"150\" src=\"https:\/\/www.milwood.fr\/wp-content\/uploads\/2026\/04\/2024-LARNICOL-bureau-4-150x150.webp\" class=\"attachment-thumbnail size-thumbnail\" alt=\"\u00c9tag\u00e8res sur-mesure\" aria-describedby=\"gallery-1-167\" \/><\/a>\n\t\t\t<\/div>\n\t\t\t\t<figcaption class='wp-caption-text gallery-caption' id='gallery-1-167'>\n\t\t\t\t\u00c9tag\u00e8res sur-mesure\n\t\t\t\t<\/figcaption><\/figure><figure class='gallery-item'>\n\t\t\t<div class='gallery-icon landscape'>\n\t\t\t\t<a data-elementor-open-lightbox=\"yes\" data-elementor-lightbox-slideshow=\"76aad602\" data-elementor-lightbox-title=\"salon tiny house\" data-elementor-lightbox-description=\"Conception et r\u00e9alisation am\u00e9nagement int\u00e9rieur Tiny house\" data-e-action-hash=\"#elementor-action%3Aaction%3Dlightbox%26settings%3DeyJpZCI6MTY4LCJ1cmwiOiJodHRwczpcL1wvd3d3Lm1pbHdvb2QuZnJcL3dwLWNvbnRlbnRcL3VwbG9hZHNcLzIwMjZcLzA0XC9JTUdfMjAyNDAzMDVfMjExNjIzLXNjYWxlZC0xLndlYnAiLCJzbGlkZXNob3ciOiI3NmFhZDYwMiJ9\" href='https:\/\/www.milwood.fr\/wp-content\/uploads\/2026\/04\/IMG_20240305_211623-scaled-1.webp'><img loading=\"lazy\" decoding=\"async\" width=\"150\" height=\"150\" src=\"https:\/\/www.milwood.fr\/wp-content\/uploads\/2026\/04\/IMG_20240305_211623-scaled-1-150x150.webp\" class=\"attachment-thumbnail size-thumbnail\" alt=\"Tiny house salon\" aria-describedby=\"gallery-1-168\" \/><\/a>\n\t\t\t<\/div>\n\t\t\t\t<figcaption class='wp-caption-text gallery-caption' id='gallery-1-168'>\n\t\t\t\tSalon Tiny house\n\t\t\t\t<\/figcaption><\/figure><figure class='gallery-item'>\n\t\t\t<div class='gallery-icon portrait'>\n\t\t\t\t<a data-elementor-open-lightbox=\"yes\" data-elementor-lightbox-slideshow=\"76aad602\" data-elementor-lightbox-title=\"salle de bain tiny house\" data-elementor-lightbox-description=\"Conception et r\u00e9alisation salle de bain Tiny House\" data-e-action-hash=\"#elementor-action%3Aaction%3Dlightbox%26settings%3DeyJpZCI6MTY5LCJ1cmwiOiJodHRwczpcL1wvd3d3Lm1pbHdvb2QuZnJcL3dwLWNvbnRlbnRcL3VwbG9hZHNcLzIwMjZcLzA0XC9JTUdfMjAyNDAzMDVfMjEyNDQxLXNjYWxlZC0xLndlYnAiLCJzbGlkZXNob3ciOiI3NmFhZDYwMiJ9\" href='https:\/\/www.milwood.fr\/wp-content\/uploads\/2026\/04\/IMG_20240305_212441-scaled-1.webp'><img loading=\"lazy\" decoding=\"async\" width=\"150\" height=\"150\" src=\"https:\/\/www.milwood.fr\/wp-content\/uploads\/2026\/04\/IMG_20240305_212441-scaled-1-150x150.webp\" class=\"attachment-thumbnail size-thumbnail\" alt=\"Tiny house salle de bain\" aria-describedby=\"gallery-1-169\" \/><\/a>\n\t\t\t<\/div>\n\t\t\t\t<figcaption class='wp-caption-text gallery-caption' id='gallery-1-169'>\n\t\t\t\tSalle de bain Tiny house\n\t\t\t\t<\/figcaption><\/figure><figure class='gallery-item'>\n\t\t\t<div class='gallery-icon portrait'>\n\t\t\t\t<a data-elementor-open-lightbox=\"yes\" data-elementor-lightbox-slideshow=\"76aad602\" data-elementor-lightbox-title=\"parquet\" data-elementor-lightbox-description=\"Pose de parquet en bois massif\" data-e-action-hash=\"#elementor-action%3Aaction%3Dlightbox%26settings%3DeyJpZCI6MTcwLCJ1cmwiOiJodHRwczpcL1wvd3d3Lm1pbHdvb2QuZnJcL3dwLWNvbnRlbnRcL3VwbG9hZHNcLzIwMjZcLzA0XC9JTUdfMjAyNDA0MTdfMTczMTU5LTEtc2NhbGVkLTEud2VicCIsInNsaWRlc2hvdyI6Ijc2YWFkNjAyIn0%3D\" href='https:\/\/www.milwood.fr\/wp-content\/uploads\/2026\/04\/IMG_20240417_173159-1-scaled-1.webp'><img loading=\"lazy\" decoding=\"async\" width=\"150\" height=\"150\" src=\"https:\/\/www.milwood.fr\/wp-content\/uploads\/2026\/04\/IMG_20240417_173159-1-scaled-1-150x150.webp\" class=\"attachment-thumbnail size-thumbnail\" alt=\"Parquet\" aria-describedby=\"gallery-1-170\" \/><\/a>\n\t\t\t<\/div>\n\t\t\t\t<figcaption class='wp-caption-text gallery-caption' id='gallery-1-170'>\n\t\t\t\tParquet bois massif \n\t\t\t\t<\/figcaption><\/figure><figure class='gallery-item'>\n\t\t\t<div class='gallery-icon landscape'>\n\t\t\t\t<a data-elementor-open-lightbox=\"yes\" data-elementor-lightbox-slideshow=\"76aad602\" data-elementor-lightbox-title=\"parquet\" data-elementor-lightbox-description=\"Pose parquet bois massif\" data-e-action-hash=\"#elementor-action%3Aaction%3Dlightbox%26settings%3DeyJpZCI6MTcxLCJ1cmwiOiJodHRwczpcL1wvd3d3Lm1pbHdvb2QuZnJcL3dwLWNvbnRlbnRcL3VwbG9hZHNcLzIwMjZcLzA0XC9JTUdfMjAyNDA0MTdfMTczMjU5LTEtc2NhbGVkLTEud2VicCIsInNsaWRlc2hvdyI6Ijc2YWFkNjAyIn0%3D\" href='https:\/\/www.milwood.fr\/wp-content\/uploads\/2026\/04\/IMG_20240417_173259-1-scaled-1.webp'><img loading=\"lazy\" decoding=\"async\" width=\"150\" height=\"150\" src=\"https:\/\/www.milwood.fr\/wp-content\/uploads\/2026\/04\/IMG_20240417_173259-1-scaled-1-150x150.webp\" class=\"attachment-thumbnail size-thumbnail\" alt=\"Parquet\" aria-describedby=\"gallery-1-171\" \/><\/a>\n\t\t\t<\/div>\n\t\t\t\t<figcaption class='wp-caption-text gallery-caption' id='gallery-1-171'>\n\t\t\t\tParquet bois massif\n\t\t\t\t<\/figcaption><\/figure><figure class='gallery-item'>\n\t\t\t<div class='gallery-icon landscape'>\n\t\t\t\t<a data-elementor-open-lightbox=\"yes\" data-elementor-lightbox-slideshow=\"76aad602\" data-elementor-lightbox-title=\"parquet\" data-elementor-lightbox-description=\"Pose parquet bois massif\" data-e-action-hash=\"#elementor-action%3Aaction%3Dlightbox%26settings%3DeyJpZCI6MTcyLCJ1cmwiOiJodHRwczpcL1wvd3d3Lm1pbHdvb2QuZnJcL3dwLWNvbnRlbnRcL3VwbG9hZHNcLzIwMjZcLzA0XC9JTUdfMjAyNDA0MTdfMTczMzEyLTEtc2NhbGVkLTEud2VicCIsInNsaWRlc2hvdyI6Ijc2YWFkNjAyIn0%3D\" href='https:\/\/www.milwood.fr\/wp-content\/uploads\/2026\/04\/IMG_20240417_173312-1-scaled-1.webp'><img loading=\"lazy\" decoding=\"async\" width=\"150\" height=\"150\" src=\"https:\/\/www.milwood.fr\/wp-content\/uploads\/2026\/04\/IMG_20240417_173312-1-scaled-1-150x150.webp\" class=\"attachment-thumbnail size-thumbnail\" alt=\"Parquet\" aria-describedby=\"gallery-1-172\" \/><\/a>\n\t\t\t<\/div>\n\t\t\t\t<figcaption class='wp-caption-text gallery-caption' id='gallery-1-172'>\n\t\t\t\tParquet bois massif\n\t\t\t\t<\/figcaption><\/figure><figure class='gallery-item'>\n\t\t\t<div class='gallery-icon portrait'>\n\t\t\t\t<a data-elementor-open-lightbox=\"yes\" data-elementor-lightbox-slideshow=\"76aad602\" data-elementor-lightbox-title=\"coffrage\" data-elementor-lightbox-description=\"R\u00e9alisation et pose d&#039;un coffrage sur boitier \u00e9lectrique\" data-e-action-hash=\"#elementor-action%3Aaction%3Dlightbox%26settings%3DeyJpZCI6MTc2LCJ1cmwiOiJodHRwczpcL1wvd3d3Lm1pbHdvb2QuZnJcL3dwLWNvbnRlbnRcL3VwbG9hZHNcLzIwMjZcLzA0XC9JTUdfMjAyNDA1MDdfMTIyNzI3LXNjYWxlZC0xLndlYnAiLCJzbGlkZXNob3ciOiI3NmFhZDYwMiJ9\" href='https:\/\/www.milwood.fr\/wp-content\/uploads\/2026\/04\/IMG_20240507_122727-scaled-1.webp'><img loading=\"lazy\" decoding=\"async\" width=\"150\" height=\"150\" src=\"https:\/\/www.milwood.fr\/wp-content\/uploads\/2026\/04\/IMG_20240507_122727-scaled-1-150x150.webp\" class=\"attachment-thumbnail size-thumbnail\" alt=\"Coffre boitier \u00e9lectrique\" aria-describedby=\"gallery-1-176\" \/><\/a>\n\t\t\t<\/div>\n\t\t\t\t<figcaption class='wp-caption-text gallery-caption' id='gallery-1-176'>\n\t\t\t\tCoffrage boitier \u00e9lectrique\n\t\t\t\t<\/figcaption><\/figure><figure class='gallery-item'>\n\t\t\t<div class='gallery-icon portrait'>\n\t\t\t\t<a data-elementor-open-lightbox=\"yes\" data-elementor-lightbox-slideshow=\"76aad602\" data-elementor-lightbox-title=\"\u00e9tag\u00e8res boutique\" data-elementor-lightbox-description=\"Installation d&#039;\u00e9tag\u00e8res pour une boutique de th\u00e9\" data-e-action-hash=\"#elementor-action%3Aaction%3Dlightbox%26settings%3DeyJpZCI6MTgwLCJ1cmwiOiJodHRwczpcL1wvd3d3Lm1pbHdvb2QuZnJcL3dwLWNvbnRlbnRcL3VwbG9hZHNcLzIwMjZcLzA0XC9JTUdfMjAyNDA3MDhfMjExNjE1LXNjYWxlZC0xLndlYnAiLCJzbGlkZXNob3ciOiI3NmFhZDYwMiJ9\" href='https:\/\/www.milwood.fr\/wp-content\/uploads\/2026\/04\/IMG_20240708_211615-scaled-1.webp'><img loading=\"lazy\" decoding=\"async\" width=\"150\" height=\"150\" src=\"https:\/\/www.milwood.fr\/wp-content\/uploads\/2026\/04\/IMG_20240708_211615-scaled-1-150x150.webp\" class=\"attachment-thumbnail size-thumbnail\" alt=\"\u00c9tag\u00e8res boutique\" aria-describedby=\"gallery-1-180\" \/><\/a>\n\t\t\t<\/div>\n\t\t\t\t<figcaption class='wp-caption-text gallery-caption' id='gallery-1-180'>\n\t\t\t\t\u00c9tag\u00e8res boutique de th\u00e9\n\t\t\t\t<\/figcaption><\/figure><figure class='gallery-item'>\n\t\t\t<div class='gallery-icon landscape'>\n\t\t\t\t<a data-elementor-open-lightbox=\"yes\" data-elementor-lightbox-slideshow=\"76aad602\" data-elementor-lightbox-title=\"\u00e9tag\u00e8res suspendues\" data-elementor-lightbox-description=\"Conception et installation d&#039;\u00e9tag\u00e8res en bois massif\" data-e-action-hash=\"#elementor-action%3Aaction%3Dlightbox%26settings%3DeyJpZCI6MTgzLCJ1cmwiOiJodHRwczpcL1wvd3d3Lm1pbHdvb2QuZnJcL3dwLWNvbnRlbnRcL3VwbG9hZHNcLzIwMjZcLzA0XC9JTUdfMjAyNDEwMTFfMTc1MzM2LXNjYWxlZC0xLndlYnAiLCJzbGlkZXNob3ciOiI3NmFhZDYwMiJ9\" href='https:\/\/www.milwood.fr\/wp-content\/uploads\/2026\/04\/IMG_20241011_175336-scaled-1.webp'><img loading=\"lazy\" decoding=\"async\" width=\"150\" height=\"150\" src=\"https:\/\/www.milwood.fr\/wp-content\/uploads\/2026\/04\/IMG_20241011_175336-scaled-1-150x150.webp\" class=\"attachment-thumbnail size-thumbnail\" alt=\"\u00c9tag\u00e8res suspendues\" aria-describedby=\"gallery-1-183\" \/><\/a>\n\t\t\t<\/div>\n\t\t\t\t<figcaption class='wp-caption-text gallery-caption' id='gallery-1-183'>\n\t\t\t\t\u00c9tag\u00e8res suspendues en bois massif\n\t\t\t\t<\/figcaption><\/figure>\n\t\t<\/div>\n\t\t<\/div>\n\t\t\t\t\t\t<\/div>\n\t\t\t\t<\/div>\n\t\t<div class=\"elementor-element elementor-element-f57a909 e-con-full e-flex e-con e-parent\" data-id=\"f57a909\" data-element_type=\"container\" data-e-type=\"container\" data-settings=\"{&quot;background_background&quot;:&quot;classic&quot;}\">\n\t\t<div class=\"elementor-element elementor-element-14bb2cb1 e-con-full e-flex e-con e-child\" data-id=\"14bb2cb1\" data-element_type=\"container\" data-e-type=\"container\">\n\t\t\t\t<div class=\"elementor-element elementor-element-7cddb57a elementor-widget elementor-widget-heading\" data-id=\"7cddb57a\" data-element_type=\"widget\" data-e-type=\"widget\" data-widget_type=\"heading.default\">\n\t\t\t\t\t<h2 class=\"elementor-heading-title elementor-size-default\">Vador<\/h2>\t\t\t\t<\/div>\n\t\t\t\t<div class=\"elementor-element elementor-element-5e1de9f7 elementor-widget elementor-widget-text-editor\" data-id=\"5e1de9f7\" data-element_type=\"widget\" data-e-type=\"widget\" data-widget_type=\"text-editor.default\">\n\t\t\t\t\t\t\t\t\t<p>Mon chien Vador est mon fid\u00e8le assistant. C&#8217;est un berger australien, il m&#8217;accompagne sur mes chantiers (si vous l&#8217;acceptez bien s\u00fbr!). D&#8217;un naturel calme, il sait rester \u00e0 sa place mais ne r\u00e9siste pas \u00e0 quelques caresses.<\/p>\t\t\t\t\t\t\t\t<\/div>\n\t\t\t\t<div class=\"elementor-element elementor-element-5bb73fdf elementor-invisible elementor-widget elementor-widget-button\" data-id=\"5bb73fdf\" data-element_type=\"widget\" data-e-type=\"widget\" data-settings=\"{&quot;_animation&quot;:&quot;fadeInDown&quot;}\" data-widget_type=\"button.default\">\n\t\t\t\t\t\t\t\t\t\t<a class=\"elementor-button elementor-button-link elementor-size-sm\" href=\"https:\/\/www.milwood.fr\/index.php\/contact\/\">\n\t\t\t\t\t\t<span class=\"elementor-button-content-wrapper\">\n\t\t\t\t\t\t\t\t\t<span class=\"elementor-button-text\">Contactez moi<\/span>\n\t\t\t\t\t<\/span>\n\t\t\t\t\t<\/a>\n\t\t\t\t\t\t\t\t<\/div>\n\t\t\t\t<\/div>\n\t\t<div class=\"elementor-element elementor-element-3231a33b e-con-full e-flex e-con e-child\" data-id=\"3231a33b\" data-element_type=\"container\" data-e-type=\"container\">\n\t\t\t\t<div class=\"elementor-element elementor-element-3bebec3c elementor-widget elementor-widget-image\" data-id=\"3bebec3c\" data-element_type=\"widget\" data-e-type=\"widget\" data-widget_type=\"image.default\">\n\t\t\t\t\t\t\t\t\t\t\t\t\t\t\t<img loading=\"lazy\" decoding=\"async\" width=\"1440\" height=\"1920\" src=\"https:\/\/www.milwood.fr\/wp-content\/uploads\/2026\/04\/vador-scaled.webp\" class=\"attachment-full size-full wp-image-121\" alt=\"Vador\" srcset=\"https:\/\/www.milwood.fr\/wp-content\/uploads\/2026\/04\/vador-scaled.webp 1440w, https:\/\/www.milwood.fr\/wp-content\/uploads\/2026\/04\/vador-225x300.webp 225w, https:\/\/www.milwood.fr\/wp-content\/uploads\/2026\/04\/vador-768x1024.webp 768w, https:\/\/www.milwood.fr\/wp-content\/uploads\/2026\/04\/vador-1152x1536.webp 1152w\" sizes=\"(max-width: 1440px) 100vw, 1440px\" \/>\t\t\t\t\t\t\t\t\t\t\t\t\t\t\t<\/div>\n\t\t\t\t<\/div>\n\t\t\t\t<\/div>\n\t\t\t\t<\/div>\n\t\t","protected":false},"excerpt":{"rendered":"<p>Mes r\u00e9alisations Menuiserie, agencement, meubles et am\u00e9nagements sur mesure, parquets, terrasse, pergolas&#8230; Voici un aper\u00e7u des projets r\u00e9alis\u00e9s par Milwood Table de salon Meuble sur-mesure \u00c9tag\u00e8res boutique de th\u00e9 Coffre de rangement ext\u00e9rieur bois massif Bureau sur-mesure \u00c9tag\u00e8res sur-mesure Salon Tiny house Salle de bain Tiny house Parquet bois massif Parquet bois massif Parquet bois [&hellip;]<\/p>\n","protected":false},"author":1,"featured_media":47,"parent":0,"menu_order":0,"comment_status":"closed","ping_status":"closed","template":"elementor_header_footer","meta":{"footnotes":""},"class_list":["post-35","page","type-page","status-publish","has-post-thumbnail","hentry"],"_links":{"self":[{"href":"https:\/\/www.milwood.fr\/index.php\/wp-json\/wp\/v2\/pages\/35","targetHints":{"allow":["GET"]}}],"collection":[{"href":"https:\/\/www.milwood.fr\/index.php\/wp-json\/wp\/v2\/pages"}],"about":[{"href":"https:\/\/www.milwood.fr\/index.php\/wp-json\/wp\/v2\/types\/page"}],"author":[{"embeddable":true,"href":"https:\/\/www.milwood.fr\/index.php\/wp-json\/wp\/v2\/users\/1"}],"replies":[{"embeddable":true,"href":"https:\/\/www.milwood.fr\/index.php\/wp-json\/wp\/v2\/comments?post=35"}],"version-history":[{"count":22,"href":"https:\/\/www.milwood.fr\/index.php\/wp-json\/wp\/v2\/pages\/35\/revisions"}],"predecessor-version":[{"id":233,"href":"https:\/\/www.milwood.fr\/index.php\/wp-json\/wp\/v2\/pages\/35\/revisions\/233"}],"wp:featuredmedia":[{"embeddable":true,"href":"https:\/\/www.milwood.fr\/index.php\/wp-json\/wp\/v2\/media\/47"}],"wp:attachment":[{"href":"https:\/\/www.milwood.fr\/index.php\/wp-json\/wp\/v2\/media?parent=35"}],"curies":[{"name":"wp","href":"https:\/\/api.w.org\/{rel}","templated":true}]}}